{"id":3,"date":"2025-02-17T07:56:26","date_gmt":"2025-02-17T07:56:26","guid":{"rendered":"https:\/\/sweet-euler.217-170-194-49.plesk.page\/var\/www\/vhosts\/sweet-euler.217-170-194-49.plesk.pagehttpdocs\/?page_id=3"},"modified":"2025-08-19T13:37:13","modified_gmt":"2025-08-19T13:37:13","slug":"privacy-policy","status":"publish","type":"page","link":"https:\/\/sweet-euler.217-170-194-49.plesk.page\/index.php\/privacy-policy\/","title":{"rendered":"Personvern"},"content":{"rendered":"<section class=\"bde-section-3-100 bde-section\">\n  \n  \n\t\n\n\n\n<div class=\"section-container\"><div class=\"bde-woo-breadcrumb-3-107 bde-woo-breadcrumb breakdance-woocommerce\">\n<nav class=\"woocommerce-breadcrumb\" aria-label=\"Breadcrumb\">Hjem<\/nav>\n<\/div><div class=\"bde-rich-text-3-101 bde-rich-text breakdance-rich-text-styles\">\n<section class=\"bde-section-13-100 bde-section\">\n<div class=\"section-container\">\n<div class=\"bde-code-block-13-101 bde-code-block\">\n<h2 class=\"heading\">Personvernerkl\u00e6ring<\/h2>\n<p>Vi tar ditt personvern p\u00e5 alvor og har satt i verk n\u00f8dvendige tekniske og organisatoriske sikkerhetstiltak for \u00e5 beskytte dine personlige data. I denne personvernerkl\u00e6ringen vil vi informere deg om hvordan vi samler inn, bruker, oppbevarer og beskytter dine personlige data n\u00e5r du bes\u00f8ker v\u00e5r nettside. Du kan finne v\u00e5r organisasjonsnummer og kontaktinformasjon p\u00e5 v\u00e5r kontaktside eller ved s\u00f8k p\u00e5 domenet du n\u00e5 bes\u00f8ker hos Norid.no eller whois.com, og videre s\u00f8k p\u00e5 org.nr. i brreg.no.<\/p>\n<h2 class=\"heading\">Innsamling av data<\/h2>\n<p>Vi samler inn og lagrer opplysninger som du gir oss gjennom v\u00e5rt kontaktskjema, inkludert ditt navn, e-postadresse og annen kontaktinformasjon. I tillegg benytter vi oss av Google Fonts, Google Analytics, Google Site Kit og Facebook Pixel for \u00e5 forbedre nettsiden v\u00e5r, analysere trafikken og forst\u00e5 effekten av annonsering p\u00e5 Facebook-plattformen. Vi kan ogs\u00e5 benytte sosiale medier og andre plattformer for markedsf\u00f8ring, noe som kan resultere i innsamling av din informasjon. Vi formidler ikke dine personopplysninger til tredjeparter eller bruker de i andre systemer om de ikke st\u00e5r beskrevet her, eller du har godkjent formidling ved innsending av skjema. Et eksempel er til en mailtjeneste hvor du p\u00e5 forh\u00e5nd har godkjent \u00e5 motta eposter eller har frivillig meldt deg p\u00e5 et nyhetsbrev.<\/p>\n<h2 class=\"heading\">Google og dine personopplysninger<\/h2>\n<p>Vi bruker tjenester fra Google for \u00e5 spore og m\u00e5le trafikken p\u00e5 nettsiden v\u00e5r, dette betyr at Google kan f\u00e5 tilgang til dine personopplysninger. Hvordan Google forholder seg til ditt personvern kan du lese <a href=\"https:\/\/policies.google.com\/technologies\/partner-sites\" target=\"_BLANK\" rel=\"noopener\">her<\/a>.<\/p>\n<h2 class=\"heading\">Databruk<\/h2>\n<p>Vi bruker dine personlige data til \u00e5 svare p\u00e5 foresp\u00f8rsler du sender via v\u00e5rt kontaktskjema, for \u00e5 forbedre brukeropplevelsen p\u00e5 v\u00e5r nettside og for \u00e5 utf\u00f8re analyse for \u00e5 forbedre nettsiden v\u00e5r. Dine data kan bli lagret s\u00e5 lenge det er hensiktsmessig, med mindre du ber om sletting. Opplysningene lagres p\u00e5 serverne til v\u00e5re leverand\u00f8rer. Du kan kontakte oss for \u00e5 f\u00e5 informasjon om hvilken leverand\u00f8r vi bruker.<\/p>\n<h2 class=\"heading\">Datasikkerhet<\/h2>\n<p>Vi har satt i verk n\u00f8dvendige tekniske og organisatoriske sikkerhetstiltak for \u00e5 beskytte dine personlige data mot uautorisert tilgang, endring, offentliggj\u00f8ring eller \u00f8deleggelse. Utover v\u00e5re interne rutiner har ogs\u00e5 v\u00e5re leverand\u00f8rer sine sikkerhetstiltak som du kan finne ut av ved \u00e5 kontakte oss.<\/p>\n<h2 class=\"heading\">Dine rettigheter<\/h2>\n<p>Du har rett til \u00e5 be om innsyn i de personopplysningene vi behandler om deg og hvordan de behandles. Du kan ogs\u00e5 be om korreksjon, sletting og begrensninger i behandlingen av personopplysninger i henhold til personopplysningsloven. Hvis du mener at vi ikke overholder dine rettigheter i henhold til personopplysningsloven, har du rett til \u00e5 klage til den aktuelle tilsynsmyndigheten. Dette gj\u00f8res ved \u00e5 sende klage til Datatilsynet, du finner informasjon om hvordan kontakte Datatilsynet p\u00e5 Datatilsynet sine nettsider.<br \/>Vi f\u00f8lger Datatilsynets krav til GDPR, du finner info og dine rettigheter og v\u00e5re plikter <a href=\"https:\/\/www.datatilsynet.no\/rettigheter-og-plikter\/virksomhetenes-plikter\/informasjon-og-apenhet\/hva-skal-virksomheten-gi-informasjon-om\/\" target=\"_BLANK\" rel=\"noopener\">her.<\/a><\/p>\n<p>Du har rett til \u00e5 klage til Datatilsynet om vi ikke etterf\u00f8lger gjellende lover og regler.<\/p>\n<\/div>\n<\/div>\n<\/section>\n<\/div><\/div>\n<\/section>","protected":false},"excerpt":{"rendered":"<p>Hjem Personvernerkl\u00e6ring Vi tar ditt personvern p\u00e5 alvor og har satt i verk n\u00f8dvendige tekniske og organisatoriske sikkerhetstiltak for \u00e5 beskytte dine personlige data. I denne personvernerkl\u00e6ringen vil vi informere deg om hvordan vi samler inn, bruker, oppbevarer og beskytter dine personlige data n\u00e5r du bes\u00f8ker v\u00e5r nettside. Du kan finne v\u00e5r organisasjonsnummer og kontaktinformasjon [&hellip;]<\/p>\n","protected":false},"author":1,"featured_media":0,"parent":0,"menu_order":0,"comment_status":"closed","ping_status":"open","template":"","meta":{"_breakdance_hide_in_design_set":false,"_breakdance_tags":"","footnotes":""},"class_list":["post-3","page","type-page","status-publish","hentry"],"_links":{"self":[{"href":"https:\/\/sweet-euler.217-170-194-49.plesk.page\/index.php\/wp-json\/wp\/v2\/pages\/3","targetHints":{"allow":["GET"]}}],"collection":[{"href":"https:\/\/sweet-euler.217-170-194-49.plesk.page\/index.php\/wp-json\/wp\/v2\/pages"}],"about":[{"href":"https:\/\/sweet-euler.217-170-194-49.plesk.page\/index.php\/wp-json\/wp\/v2\/types\/page"}],"author":[{"embeddable":true,"href":"https:\/\/sweet-euler.217-170-194-49.plesk.page\/index.php\/wp-json\/wp\/v2\/users\/1"}],"replies":[{"embeddable":true,"href":"https:\/\/sweet-euler.217-170-194-49.plesk.page\/index.php\/wp-json\/wp\/v2\/comments?post=3"}],"version-history":[{"count":11,"href":"https:\/\/sweet-euler.217-170-194-49.plesk.page\/index.php\/wp-json\/wp\/v2\/pages\/3\/revisions"}],"predecessor-version":[{"id":813,"href":"https:\/\/sweet-euler.217-170-194-49.plesk.page\/index.php\/wp-json\/wp\/v2\/pages\/3\/revisions\/813"}],"wp:attachment":[{"href":"https:\/\/sweet-euler.217-170-194-49.plesk.page\/index.php\/wp-json\/wp\/v2\/media?parent=3"}],"curies":[{"name":"wp","href":"https:\/\/api.w.org\/{rel}","templated":true}]}}