{"id":287,"date":"2025-06-02T12:25:25","date_gmt":"2025-06-02T12:25:25","guid":{"rendered":"https:\/\/sweet-euler.217-170-194-49.plesk.page\/var\/www\/vhosts\/sweet-euler.217-170-194-49.plesk.pagehttpdocs\/?page_id=287"},"modified":"2025-08-19T13:07:06","modified_gmt":"2025-08-19T13:07:06","slug":"innmelding-kundeklubb","status":"publish","type":"page","link":"https:\/\/sweet-euler.217-170-194-49.plesk.page\/index.php\/innmelding-kundeklubb\/","title":{"rendered":"Innmelding &#8211; kundeklubb"},"content":{"rendered":"<section class=\"bde-section-287-104 bde-section\">\n  \n  \n\t\n\n\n\n<div class=\"section-container\"><div class=\"bde-columns-287-111 bde-columns\"><div class=\"bde-column-287-113 bde-column\">\n  \n  \n\t\n\n\n\n<h1 class=\"bde-heading-287-105 bde-heading\">\nBli med i kundeklubben!\n<\/h1>\n<\/div><\/div><div class=\"bde-text-287-115 bde-text\">\nSom medlem f\u00e5r du spesialrabatter, personlige tilbud og inspirasjon for deg og kj\u00e6ledyret ditt.\n<\/div><\/div>\n<\/section><section class=\"bde-section-287-100 bde-section\">\n  \n  \n\t\n\n\n\n<div class=\"section-container\"><div class=\"bde-form-builder-287-103 bde-form-builder\">\n\n\n<form id=\"contact-form103\" class=\"breakdance-form breakdance-form--vertical\" data-options=\"{&quot;slug&quot;:&quot;custom&quot;,&quot;name&quot;:&quot;Contact Form&quot;,&quot;ajaxUrl&quot;:&quot;https:\\\/\\\/sweet-euler.217-170-194-49.plesk.page\\\/wp-admin\\\/admin-ajax.php&quot;,&quot;clearOnSuccess&quot;:true,&quot;hideOnSuccess&quot;:false,&quot;successMessage&quot;:&quot;Your message has been received!&quot;,&quot;errorMessage&quot;:&quot;Something went wrong&quot;,&quot;redirect&quot;:false,&quot;redirectUrl&quot;:&quot;&quot;,&quot;customJavaScript&quot;:&quot;&quot;,&quot;recaptcha&quot;:{&quot;key&quot;:&quot;&quot;,&quot;enabled&quot;:false},&quot;honeypot_enabled&quot;:false,&quot;popupsOnSuccess&quot;:[],&quot;popupsOnError&quot;:[]}\" data-steps=\"0\" >\n  \n  \n  \n<div class=\"breakdance-form-field breakdance-form-field--tel\" >\n    \n    \n            <label class=\"breakdance-form-field__label\" for=\"hwupbz\">\n            Mobilnummer\n        <\/label>\n    \n    <input\n    class=\"breakdance-form-field__input\"\n    id=\"hwupbz\"\n    aria-describedby=\"hwupbz\"\n    type=\"tel\"\n    name=\"fields[hwupbz]\"\n    placeholder=\"Mobilnummer\"\n    value=\"\"\n                \n        \n        \n    \n    \n    \n>\n\n\n    \n    \n<\/div>\n\n\n<div class=\"breakdance-form-field breakdance-form-field--email\" >\n    \n    \n            <label class=\"breakdance-form-field__label\" for=\"email\">\n            E-post<span class=\"breakdance-form-field__required\">*<\/span>\n        <\/label>\n    \n    <input\n    class=\"breakdance-form-field__input\"\n    id=\"email\"\n    aria-describedby=\"email\"\n    type=\"email\"\n    name=\"fields[email]\"\n    placeholder=\"E-post\"\n    value=\"\"\n                \n        \n        \n    required\n    \n    \n>\n\n\n    \n    \n<\/div>\n\n\n<div class=\"breakdance-form-field breakdance-form-field--text\" >\n    \n    \n            <label class=\"breakdance-form-field__label\" for=\"ohjwyu\">\n            Fornavn<span class=\"breakdance-form-field__required\">*<\/span>\n        <\/label>\n    \n    <input\n    class=\"breakdance-form-field__input\"\n    id=\"ohjwyu\"\n    aria-describedby=\"ohjwyu\"\n    type=\"text\"\n    name=\"fields[ohjwyu]\"\n    placeholder=\"Fornavn\"\n    value=\"\"\n                \n        \n        \n    required\n    \n    \n>\n\n\n    \n    \n<\/div>\n\n\n<div class=\"breakdance-form-field breakdance-form-field--text\" >\n    \n    \n            <label class=\"breakdance-form-field__label\" for=\"name\">\n            Etternavn<span class=\"breakdance-form-field__required\">*<\/span>\n        <\/label>\n    \n    <input\n    class=\"breakdance-form-field__input\"\n    id=\"name\"\n    aria-describedby=\"name\"\n    type=\"text\"\n    name=\"fields[name]\"\n    placeholder=\"Etternavn\"\n    value=\"\"\n                \n        \n        \n    required\n    \n    \n>\n\n\n    \n    \n<\/div>\n\n\n<div class=\"breakdance-form-field breakdance-form-field--select\" >\n    \n    \n            <label class=\"breakdance-form-field__label\" for=\"hrzjqu\">\n            Kj\u00f8nn\n        <\/label>\n    \n    <select\n    class=\"breakdance-form-field__input\"\n    id=\"hrzjqu\"\n    name=\"fields[hrzjqu]\"\n    \n    \n        >\n      <option value=\"\">Velg...<\/option>\n          <option value=\"Kvinne\" >Kvinne<\/option>\n        <option value=\"Mann\" >Mann<\/option>\n        <option value=\"\u00d8nsker ikke \u00e5 dele\" >\u00d8nsker ikke \u00e5 dele<\/option>\n        <option value=\"Ikke-bin\u00e6r\" >Ikke-bin\u00e6r<\/option>\n  <\/select>\n\n\n    \n    \n<\/div>\n\n\n<div class=\"breakdance-form-field breakdance-form-field--text\" >\n    \n    \n            <label class=\"breakdance-form-field__label\" for=\"tvoyuo\">\n            Adresse\n        <\/label>\n    \n    <input\n    class=\"breakdance-form-field__input\"\n    id=\"tvoyuo\"\n    aria-describedby=\"tvoyuo\"\n    type=\"text\"\n    name=\"fields[tvoyuo]\"\n    placeholder=\"Adresse\"\n    value=\"\"\n                \n        \n        \n    \n    \n    \n>\n\n\n    \n    \n<\/div>\n\n\n<div class=\"breakdance-form-field breakdance-form-field--text\" >\n    \n    \n            <label class=\"breakdance-form-field__label\" for=\"ajvjnh\">\n            Postnummer\n        <\/label>\n    \n    <input\n    class=\"breakdance-form-field__input\"\n    id=\"ajvjnh\"\n    aria-describedby=\"ajvjnh\"\n    type=\"text\"\n    name=\"fields[ajvjnh]\"\n    placeholder=\"Postnummer\"\n    value=\"\"\n                \n        \n        \n    \n    \n    \n>\n\n\n    \n    \n<\/div>\n\n\n<div class=\"breakdance-form-field breakdance-form-field--text\" >\n    \n    \n            <label class=\"breakdance-form-field__label\" for=\"bxexob\">\n            Poststed\n        <\/label>\n    \n    <input\n    class=\"breakdance-form-field__input\"\n    id=\"bxexob\"\n    aria-describedby=\"bxexob\"\n    type=\"text\"\n    name=\"fields[bxexob]\"\n    placeholder=\"Poststed\"\n    value=\"\"\n                \n        \n        \n    \n    \n    \n>\n\n\n    \n    \n<\/div>\n\n\n<div class=\"breakdance-form-field breakdance-form-field--date\" >\n    \n    \n            <label class=\"breakdance-form-field__label\" for=\"ahearl\">\n            Bursdag\n        <\/label>\n    \n    <input\n    class=\"breakdance-form-field__input\"\n    id=\"ahearl\"\n    aria-describedby=\"ahearl\"\n    type=\"date\"\n    name=\"fields[ahearl]\"\n    placeholder=\"\"\n    value=\"\"\n                \n        \n        \n    \n    \n    \n>\n\n\n    \n    \n<\/div>\n\n\n<div class=\"breakdance-form-field breakdance-form-field--checkbox\" >\n    \n    \n    \n    <fieldset role=\"group\"\n    aria-label=\"Hvilke dyr har du?\"\n    >\n       <legend class=\"breakdance-form-field__label\">Hvilke dyr har du?<\/legend>\n          <div class=\"breakdance-form-checkbox\">\n          <input\n              type=\"checkbox\"\n              name=\"fields[ujyogi][]\"\n              value=\"Hund\"\n              id=\"ujyogi-1\"\n              \n                        >\n          <label class=\"breakdance-form-checkbox__text\" for=\"ujyogi-1\">Hund<\/label>\n      <\/div>\n        <div class=\"breakdance-form-checkbox\">\n          <input\n              type=\"checkbox\"\n              name=\"fields[ujyogi][]\"\n              value=\"Katt\"\n              id=\"ujyogi-2\"\n              \n                        >\n          <label class=\"breakdance-form-checkbox__text\" for=\"ujyogi-2\">Katt<\/label>\n      <\/div>\n  <\/fieldset>\n\n\n\n    \n    \n<\/div>\n\n\n<div class=\"breakdance-form-field breakdance-form-field--checkbox\" >\n    \n    \n    \n    <fieldset role=\"group\"\n    aria-label=\"Veld favorittbutikk\"\n    >\n       <legend class=\"breakdance-form-field__label\">Veld favorittbutikk<\/legend>\n          <div class=\"breakdance-form-checkbox\">\n          <input\n              type=\"checkbox\"\n              name=\"fields[yzbcli][]\"\n              value=\"Dogshop.no\"\n              id=\"yzbcli-1\"\n              \n                        >\n          <label class=\"breakdance-form-checkbox__text\" for=\"yzbcli-1\">Dogshop.no<\/label>\n      <\/div>\n        <div class=\"breakdance-form-checkbox\">\n          <input\n              type=\"checkbox\"\n              name=\"fields[yzbcli][]\"\n              value=\"Skarnes\"\n              id=\"yzbcli-2\"\n              \n                        >\n          <label class=\"breakdance-form-checkbox__text\" for=\"yzbcli-2\">Skarnes<\/label>\n      <\/div>\n        <div class=\"breakdance-form-checkbox\">\n          <input\n              type=\"checkbox\"\n              name=\"fields[yzbcli][]\"\n              value=\"Borgenhaugen\"\n              id=\"yzbcli-3\"\n              \n                        >\n          <label class=\"breakdance-form-checkbox__text\" for=\"yzbcli-3\">Borgenhaugen<\/label>\n      <\/div>\n  <\/fieldset>\n\n\n\n    \n    \n<\/div>\n\n\n<div class=\"breakdance-form-field breakdance-form-field--checkbox\" >\n    \n    \n    \n    <fieldset role=\"group\"\n    >\n          <div class=\"breakdance-form-checkbox\">\n          <input\n              type=\"checkbox\"\n              name=\"fields[dowrub][]\"\n              value=\"Jeg melder meg inn i kundeklubben til Dogshop.no og vil f\u00e5 tilsendt fordeler, tilbud og annen markedsf\u00f8ring elektronisk, herunder epost, SMS o.l. Se vilk\u00e5rene her\"\n              id=\"dowrub-1\"\n              \n                        >\n          <label class=\"breakdance-form-checkbox__text\" for=\"dowrub-1\">Jeg melder meg inn i kundeklubben til Dogshop.no og vil f\u00e5 tilsendt fordeler, tilbud og annen markedsf\u00f8ring elektronisk, herunder epost, SMS o.l. Se vilk\u00e5rene her<\/label>\n      <\/div>\n        <div class=\"breakdance-form-checkbox\">\n          <input\n              type=\"checkbox\"\n              name=\"fields[dowrub][]\"\n              value=\" Jeg \u00f8nsker \u00e5 f\u00e5 tilbud og fordeler som passer for meg basert p\u00e5 mine preferanser og kj\u00f8pshistorikk.\"\n              id=\"dowrub-2\"\n              \n                        >\n          <label class=\"breakdance-form-checkbox__text\" for=\"dowrub-2\"> Jeg \u00f8nsker \u00e5 f\u00e5 tilbud og fordeler som passer for meg basert p\u00e5 mine preferanser og kj\u00f8pshistorikk.<\/label>\n      <\/div>\n  <\/fieldset>\n\n\n\n    \n    \n<\/div>\n\n\n  \n\n<div class=\"breakdance-form-field breakdance-form-footer\">\n    \n    \n                                    \n    \n    \n    \n    \n            \n            <button type=\"submit\" class=\"button-atom button-atom--primary breakdance-form-button breakdance-form-button__submit\"  >\n    \n        <span class=\"button-atom__text\">BLI MED<\/span>\n\n        \n        \n            <\/button>\n    \n    <input type=\"hidden\" name=\"form_id\" value=\"103\">\n    <input type=\"hidden\" name=\"post_id\" value=\"287\">\n<\/div>\n\n  \n<\/form>\n\n\n\n<\/div><\/div>\n<\/section>","protected":false},"excerpt":{"rendered":"<p>Bli med i kundeklubben! Som medlem f\u00e5r du spesialrabatter, personlige tilbud og inspirasjon for deg og kj\u00e6ledyret ditt. Mobilnummer E-post* Fornavn* Etternavn* Kj\u00f8nn Velg&#8230; Kvinne Mann \u00d8nsker ikke \u00e5 dele Ikke-bin\u00e6r Adresse Postnummer Poststed Bursdag Hvilke dyr har du? Hund Katt Veld favorittbutikk Dogshop.no Skarnes Borgenhaugen Jeg melder meg inn i kundeklubben til Dogshop.no og [&hellip;]<\/p>\n","protected":false},"author":1,"featured_media":0,"parent":0,"menu_order":0,"comment_status":"closed","ping_status":"closed","template":"","meta":{"_breakdance_hide_in_design_set":false,"_breakdance_tags":"","footnotes":""},"class_list":["post-287","page","type-page","status-publish","hentry"],"_links":{"self":[{"href":"https:\/\/sweet-euler.217-170-194-49.plesk.page\/index.php\/wp-json\/wp\/v2\/pages\/287","targetHints":{"allow":["GET"]}}],"collection":[{"href":"https:\/\/sweet-euler.217-170-194-49.plesk.page\/index.php\/wp-json\/wp\/v2\/pages"}],"about":[{"href":"https:\/\/sweet-euler.217-170-194-49.plesk.page\/index.php\/wp-json\/wp\/v2\/types\/page"}],"author":[{"embeddable":true,"href":"https:\/\/sweet-euler.217-170-194-49.plesk.page\/index.php\/wp-json\/wp\/v2\/users\/1"}],"replies":[{"embeddable":true,"href":"https:\/\/sweet-euler.217-170-194-49.plesk.page\/index.php\/wp-json\/wp\/v2\/comments?post=287"}],"version-history":[{"count":45,"href":"https:\/\/sweet-euler.217-170-194-49.plesk.page\/index.php\/wp-json\/wp\/v2\/pages\/287\/revisions"}],"predecessor-version":[{"id":793,"href":"https:\/\/sweet-euler.217-170-194-49.plesk.page\/index.php\/wp-json\/wp\/v2\/pages\/287\/revisions\/793"}],"wp:attachment":[{"href":"https:\/\/sweet-euler.217-170-194-49.plesk.page\/index.php\/wp-json\/wp\/v2\/media?parent=287"}],"curies":[{"name":"wp","href":"https:\/\/api.w.org\/{rel}","templated":true}]}}